{"id":2197,"date":"2024-04-29T19:59:55","date_gmt":"2024-04-29T19:59:55","guid":{"rendered":"https:\/\/breakout-albstadt.com\/?page_id=2197"},"modified":"2024-05-01T13:51:42","modified_gmt":"2024-05-01T13:51:42","slug":"impressum","status":"publish","type":"page","link":"https:\/\/breakout-albstadt.com\/en\/impressum\/","title":{"rendered":"Impressum"},"content":{"rendered":"<div data-elementor-type=\"wp-page\" data-elementor-id=\"2197\" class=\"elementor elementor-2197\" data-elementor-post-type=\"page\">\n\t\t\t\t\t\t<section class=\"elementor-section elementor-top-section elementor-element elementor-element-77b4149 elementor-section-boxed elementor-section-height-default elementor-section-height-default\" data-id=\"77b4149\" data-element_type=\"section\">\n\t\t\t\t\t\t<div class=\"elementor-container elementor-column-gap-default\">\n\t\t\t\t\t<div class=\"elementor-column elementor-col-100 elementor-top-column elementor-element elementor-element-2e131c6\" data-id=\"2e131c6\" data-element_type=\"column\">\n\t\t\t<div class=\"elementor-widget-wrap elementor-element-populated\">\n\t\t\t\t\t\t<div class=\"elementor-element elementor-element-d86ba07 elementor-widget elementor-widget-heading\" data-id=\"d86ba07\" data-element_type=\"widget\" data-widget_type=\"heading.default\">\n\t\t\t\t<div class=\"elementor-widget-container\">\n\t\t\t<style>\/*! elementor - v3.21.0 - 30-04-2024 *\/\n.elementor-heading-title{padding:0;margin:0;line-height:1}.elementor-widget-heading .elementor-heading-title[class*=elementor-size-]>a{color:inherit;font-size:inherit;line-height:inherit}.elementor-widget-heading .elementor-heading-title.elementor-size-small{font-size:15px}.elementor-widget-heading .elementor-heading-title.elementor-size-medium{font-size:19px}.elementor-widget-heading .elementor-heading-title.elementor-size-large{font-size:29px}.elementor-widget-heading .elementor-heading-title.elementor-size-xl{font-size:39px}.elementor-widget-heading .elementor-heading-title.elementor-size-xxl{font-size:59px}<\/style><h2 class=\"elementor-heading-title elementor-size-default\">Impressum<\/h2>\t\t<\/div>\n\t\t\t\t<\/div>\n\t\t\t\t<div class=\"elementor-element elementor-element-e713e7d elementor-widget elementor-widget-text-editor\" data-id=\"e713e7d\" data-element_type=\"widget\" data-widget_type=\"text-editor.default\">\n\t\t\t\t<div class=\"elementor-widget-container\">\n\t\t\t<style>\/*! elementor - v3.21.0 - 30-04-2024 *\/\n.elementor-widget-text-editor.elementor-drop-cap-view-stacked .elementor-drop-cap{background-color:#69727d;color:#fff}.elementor-widget-text-editor.elementor-drop-cap-view-framed .elementor-drop-cap{color:#69727d;border:3px solid;background-color:transparent}.elementor-widget-text-editor:not(.elementor-drop-cap-view-default) .elementor-drop-cap{margin-top:8px}.elementor-widget-text-editor:not(.elementor-drop-cap-view-default) .elementor-drop-cap-letter{width:1em;height:1em}.elementor-widget-text-editor .elementor-drop-cap{float:left;text-align:center;line-height:1;font-size:50px}.elementor-widget-text-editor .elementor-drop-cap-letter{display:inline-block}<\/style>\t\t\t\t<p><strong>Angaben gem\u00e4\u00df \u00a7 5 TMG<\/strong><br \/><strong>Breakout Escape Room Albstadt<\/strong><br \/><strong>Vertreten durch Miklos Kulcsar<\/strong><br \/><strong>Sonnenstra\u00dfe 97.<\/strong><br \/><strong>72458 Albstadt<\/strong><br \/><strong>info@breakout-albstadt.com<\/strong><\/p><p>Inhaltlich Verantwortlicher gem\u00e4\u00df TMG: Miklos Kulcsar<br \/>Technisch Verantwortlicher: Miklos Kulcsar<\/p><p>Die Europ\u00e4ische Kommission stellt eine Plattform zur Online-Streitbeilegung (OS) bereit: https:\/\/ec.europa.eu\/consumers\/odr.<br \/>Unsere E-Mail-Adresse finden Sie oben im Impressum.<\/p><p><strong>Haftung f\u00fcr Inhalte<\/strong><br \/>Als Diensteanbieter sind wir gem\u00e4\u00df \u00a7 7 Abs.1 TMG f\u00fcr eigene Inhalte auf diesen Seiten nach den allgemeinen Gesetzen verantwortlich. Nach \u00a7\u00a7 8 bis 10 TMG sind wir als Diensteanbieter jedoch nicht verpflichtet, \u00fcbermittelte oder gespeicherte fremde Informationen zu \u00fcberwachen oder nach Umst\u00e4nden zu forschen, die auf eine rechtswidrige T\u00e4tigkeit hinweisen.<\/p><p>Verpflichtungen zur Entfernung oder Sperrung der Nutzung von Informationen nach den allgemeinen Gesetzen bleiben hiervon unber\u00fchrt. Eine diesbez\u00fcgliche Haftung ist jedoch erst ab dem Zeitpunkt der Kenntnis einer konkreten Rechtsverletzung m\u00f6glich. Bei Bekanntwerden von entsprechenden Rechtsverletzungen werden wir diese Inhalte umgehend entfernen.<\/p><p><strong>Urheberrecht<\/strong><br \/>Die durch die Seitenbetreiber erstellten Inhalte und Werke auf diesen Seiten unterliegen dem deutschen Urheberrecht. Die Vervielf\u00e4ltigung, Bearbeitung, Verbreitung und jede Art der Verwertung au\u00dferhalb der Grenzen des Urheberrechtes bed\u00fcrfen der schriftlichen Zustimmung des jeweiligen Autors bzw. Erstellers. Downloads und Kopien dieser Seite sind nur f\u00fcr den privaten, nicht kommerziellen Gebrauch gestattet.<\/p><p>Soweit die Inhalte auf dieser Seite nicht vom Betreiber erstellt wurden, werden die Urheberrechte Dritter beachtet. Insbesondere werden Inhalte Dritter als solche gekennzeichnet. Sollten Sie trotzdem auf eine Urheberrechtsverletzung aufmerksam werden, bitten wir um einen entsprechenden Hinweis. Bei Bekanntwerden von Rechtsverletzungen werden wir derartige Inhalte umgehend entfernen.<\/p>\t\t\t\t\t\t<\/div>\n\t\t\t\t<\/div>\n\t\t\t\t\t<\/div>\n\t\t<\/div>\n\t\t\t\t\t<\/div>\n\t\t<\/section>\n\t\t\t\t<\/div>","protected":false},"excerpt":{"rendered":"<p>Impressum Angaben gem\u00e4\u00df \u00a7 5 TMGBreakout Escape Room AlbstadtVertreten durch Miklos KulcsarSonnenstra\u00dfe 97.72458 Albstadtinfo@breakout-albstadt.com Inhaltlich Verantwortlicher gem\u00e4\u00df TMG: Miklos KulcsarTechnisch Verantwortlicher: Miklos Kulcsar Die Europ\u00e4ische Kommission stellt eine Plattform zur Online-Streitbeilegung (OS) bereit: https:\/\/ec.europa.eu\/consumers\/odr.Unsere E-Mail-Adresse finden Sie oben im Impressum. Haftung f\u00fcr InhalteAls Diensteanbieter sind wir gem\u00e4\u00df \u00a7 7 Abs.1 TMG f\u00fcr eigene Inhalte auf [&hellip;]<\/p>","protected":false},"author":1,"featured_media":0,"parent":0,"menu_order":0,"comment_status":"closed","ping_status":"closed","template":"","meta":{"om_disable_all_campaigns":false,"_monsterinsights_skip_tracking":false,"_monsterinsights_sitenote_active":false,"_monsterinsights_sitenote_note":"","_monsterinsights_sitenote_category":0,"_uf_show_specific_survey":0,"_uf_disable_surveys":false,"site-sidebar-layout":"no-sidebar","site-content-layout":"page-builder","ast-site-content-layout":"full-width-container","site-content-style":"default","site-sidebar-style":"default","ast-global-header-display":"","ast-banner-title-visibility":"","ast-main-header-display":"","ast-hfb-above-header-display":"","ast-hfb-below-header-display":"","ast-hfb-mobile-header-display":"","site-post-title":"disabled","ast-breadcrumbs-content":"","ast-featured-img":"disabled","footer-sml-layout":"","theme-transparent-header-meta":"","adv-header-id-meta":"","stick-header-meta":"","header-above-stick-meta":"","header-main-stick-meta":"","header-below-stick-meta":"","astra-migrate-meta-layouts":"default","ast-page-background-enabled":"default","ast-page-background-meta":{"desktop":{"background-color":"","background-image":"","background-repeat":"repeat","background-position":"center center","background-size":"auto","background-attachment":"scroll","background-type":"","background-media":"","overlay-type":"","overlay-color":"","overlay-opacity":"","overlay-gradient":""},"tablet":{"background-color":"","background-image":"","background-repeat":"repeat","background-position":"center center","background-size":"auto","background-attachment":"scroll","background-type":"","background-media":"","overlay-type":"","overlay-color":"","overlay-opacity":"","overlay-gradient":""},"mobile":{"background-color":"","background-image":"","background-repeat":"repeat","background-position":"center center","background-size":"auto","background-attachment":"scroll","background-type":"","background-media":"","overlay-type":"","overlay-color":"","overlay-opacity":"","overlay-gradient":""}},"ast-content-background-meta":{"desktop":{"background-color":"var(--ast-global-color-5)","background-image":"","background-repeat":"repeat","background-position":"center center","background-size":"auto","background-attachment":"scroll","background-type":"","background-media":"","overlay-type":"","overlay-color":"","overlay-opacity":"","overlay-gradient":""},"tablet":{"background-color":"var(--ast-global-color-5)","background-image":"","background-repeat":"repeat","background-position":"center center","background-size":"auto","background-attachment":"scroll","background-type":"","background-media":"","overlay-type":"","overlay-color":"","overlay-opacity":"","overlay-gradient":""},"mobile":{"background-color":"var(--ast-global-color-5)","background-image":"","background-repeat":"repeat","background-position":"center center","background-size":"auto","background-attachment":"scroll","background-type":"","background-media":"","overlay-type":"","overlay-color":"","overlay-opacity":"","overlay-gradient":""}},"footnotes":""},"class_list":["post-2197","page","type-page","status-publish","hentry"],"yoast_head":"<!-- This site is optimized with the Yoast SEO Premium plugin v22.6 (Yoast SEO v22.6) - https:\/\/yoast.com\/wordpress\/plugins\/seo\/ -->\n<title>Impressum - Breakout Albstadt<\/title>\n<meta name=\"robots\" content=\"index, follow, max-snippet:-1, max-image-preview:large, max-video-preview:-1\" \/>\n<link rel=\"canonical\" href=\"https:\/\/breakout-albstadt.com\/en\/impressum\/\" \/>\n<meta property=\"og:locale\" content=\"en_GB\" \/>\n<meta property=\"og:type\" content=\"article\" \/>\n<meta property=\"og:title\" content=\"Impressum\" \/>\n<meta property=\"og:description\" content=\"Impressum Angaben gem\u00e4\u00df \u00a7 5 TMGBreakout Escape Room AlbstadtVertreten durch Miklos KulcsarSonnenstra\u00dfe 97.72458 Albstadtinfo@breakout-albstadt.com Inhaltlich Verantwortlicher gem\u00e4\u00df TMG: Miklos KulcsarTechnisch Verantwortlicher: Miklos Kulcsar Die Europ\u00e4ische Kommission stellt eine Plattform zur Online-Streitbeilegung (OS) bereit: https:\/\/ec.europa.eu\/consumers\/odr.Unsere E-Mail-Adresse finden Sie oben im Impressum. Haftung f\u00fcr InhalteAls Diensteanbieter sind wir gem\u00e4\u00df \u00a7 7 Abs.1 TMG f\u00fcr eigene Inhalte auf [&hellip;]\" \/>\n<meta property=\"og:url\" content=\"https:\/\/breakout-albstadt.com\/en\/impressum\/\" \/>\n<meta property=\"og:site_name\" content=\"Breakout Albstadt\" \/>\n<meta property=\"article:publisher\" content=\"https:\/\/www.facebook.com\/profile.php?id=61556599694139\" \/>\n<meta property=\"article:modified_time\" content=\"2024-05-01T13:51:42+00:00\" \/>\n<meta name=\"twitter:card\" content=\"summary_large_image\" \/>\n<meta name=\"twitter:label1\" content=\"Estimated reading time\" \/>\n\t<meta name=\"twitter:data1\" content=\"2 minutes\" \/>\n<script type=\"application\/ld+json\" class=\"yoast-schema-graph\">{\"@context\":\"https:\/\/schema.org\",\"@graph\":[{\"@type\":\"WebPage\",\"@id\":\"https:\/\/breakout-albstadt.com\/impressum\/\",\"url\":\"https:\/\/breakout-albstadt.com\/impressum\/\",\"name\":\"Impressum - Breakout Albstadt\",\"isPartOf\":{\"@id\":\"https:\/\/breakout-albstadt.com\/#website\"},\"datePublished\":\"2024-04-29T19:59:55+00:00\",\"dateModified\":\"2024-05-01T13:51:42+00:00\",\"breadcrumb\":{\"@id\":\"https:\/\/breakout-albstadt.com\/impressum\/#breadcrumb\"},\"inLanguage\":\"en-GB\",\"potentialAction\":[{\"@type\":\"ReadAction\",\"target\":[\"https:\/\/breakout-albstadt.com\/impressum\/\"]}]},{\"@type\":\"BreadcrumbList\",\"@id\":\"https:\/\/breakout-albstadt.com\/impressum\/#breadcrumb\",\"itemListElement\":[{\"@type\":\"ListItem\",\"position\":1,\"name\":\"Home\",\"item\":\"https:\/\/breakout-albstadt.com\/\"},{\"@type\":\"ListItem\",\"position\":2,\"name\":\"Impressum\"}]},{\"@type\":\"WebSite\",\"@id\":\"https:\/\/breakout-albstadt.com\/#website\",\"url\":\"https:\/\/breakout-albstadt.com\/\",\"name\":\"Breakout Albstadt\",\"description\":\"Escape Room\",\"publisher\":{\"@id\":\"https:\/\/breakout-albstadt.com\/#organization\"},\"potentialAction\":[{\"@type\":\"SearchAction\",\"target\":{\"@type\":\"EntryPoint\",\"urlTemplate\":\"https:\/\/breakout-albstadt.com\/?s={search_term_string}\"},\"query-input\":\"required name=search_term_string\"}],\"inLanguage\":\"en-GB\"},{\"@type\":[\"Organization\",\"Place\"],\"@id\":\"https:\/\/breakout-albstadt.com\/#organization\",\"name\":\"Breakout Albstadt\",\"url\":\"https:\/\/breakout-albstadt.com\/\",\"logo\":{\"@id\":\"https:\/\/breakout-albstadt.com\/impressum\/#local-main-organization-logo\"},\"image\":{\"@id\":\"https:\/\/breakout-albstadt.com\/impressum\/#local-main-organization-logo\"},\"sameAs\":[\"https:\/\/www.facebook.com\/profile.php?id=61556599694139\",\"https:\/\/www.instagram.com\/breakout_albstadt\/\"],\"telephone\":[],\"openingHoursSpecification\":[{\"@type\":\"OpeningHoursSpecification\",\"dayOfWeek\":[\"Monday\",\"Tuesday\",\"Wednesday\",\"Thursday\",\"Friday\",\"Saturday\",\"Sunday\"],\"opens\":\"09:00\",\"closes\":\"17:00\"}]},{\"@type\":\"ImageObject\",\"inLanguage\":\"en-GB\",\"@id\":\"https:\/\/breakout-albstadt.com\/impressum\/#local-main-organization-logo\",\"url\":\"https:\/\/breakout-albstadt.com\/wp-content\/uploads\/2024\/05\/cropped-logooo.png\",\"contentUrl\":\"https:\/\/breakout-albstadt.com\/wp-content\/uploads\/2024\/05\/cropped-logooo.png\",\"width\":512,\"height\":512,\"caption\":\"Breakout Albstadt\"}]}<\/script>\n<!-- \/ Yoast SEO Premium plugin. -->","yoast_head_json":{"title":"Impressum - Breakout Albstadt","robots":{"index":"index","follow":"follow","max-snippet":"max-snippet:-1","max-image-preview":"max-image-preview:large","max-video-preview":"max-video-preview:-1"},"canonical":"https:\/\/breakout-albstadt.com\/en\/impressum\/","og_locale":"en_GB","og_type":"article","og_title":"Impressum","og_description":"Impressum Angaben gem\u00e4\u00df \u00a7 5 TMGBreakout Escape Room AlbstadtVertreten durch Miklos KulcsarSonnenstra\u00dfe 97.72458 Albstadtinfo@breakout-albstadt.com Inhaltlich Verantwortlicher gem\u00e4\u00df TMG: Miklos KulcsarTechnisch Verantwortlicher: Miklos Kulcsar Die Europ\u00e4ische Kommission stellt eine Plattform zur Online-Streitbeilegung (OS) bereit: https:\/\/ec.europa.eu\/consumers\/odr.Unsere E-Mail-Adresse finden Sie oben im Impressum. Haftung f\u00fcr InhalteAls Diensteanbieter sind wir gem\u00e4\u00df \u00a7 7 Abs.1 TMG f\u00fcr eigene Inhalte auf [&hellip;]","og_url":"https:\/\/breakout-albstadt.com\/en\/impressum\/","og_site_name":"Breakout Albstadt","article_publisher":"https:\/\/www.facebook.com\/profile.php?id=61556599694139","article_modified_time":"2024-05-01T13:51:42+00:00","twitter_card":"summary_large_image","twitter_misc":{"Estimated reading time":"2 minutes"},"schema":{"@context":"https:\/\/schema.org","@graph":[{"@type":"WebPage","@id":"https:\/\/breakout-albstadt.com\/impressum\/","url":"https:\/\/breakout-albstadt.com\/impressum\/","name":"Impressum - Breakout Albstadt","isPartOf":{"@id":"https:\/\/breakout-albstadt.com\/#website"},"datePublished":"2024-04-29T19:59:55+00:00","dateModified":"2024-05-01T13:51:42+00:00","breadcrumb":{"@id":"https:\/\/breakout-albstadt.com\/impressum\/#breadcrumb"},"inLanguage":"en-GB","potentialAction":[{"@type":"ReadAction","target":["https:\/\/breakout-albstadt.com\/impressum\/"]}]},{"@type":"BreadcrumbList","@id":"https:\/\/breakout-albstadt.com\/impressum\/#breadcrumb","itemListElement":[{"@type":"ListItem","position":1,"name":"Home","item":"https:\/\/breakout-albstadt.com\/"},{"@type":"ListItem","position":2,"name":"Impressum"}]},{"@type":"WebSite","@id":"https:\/\/breakout-albstadt.com\/#website","url":"https:\/\/breakout-albstadt.com\/","name":"Breakout Albstadt","description":"Escape Room","publisher":{"@id":"https:\/\/breakout-albstadt.com\/#organization"},"potentialAction":[{"@type":"SearchAction","target":{"@type":"EntryPoint","urlTemplate":"https:\/\/breakout-albstadt.com\/?s={search_term_string}"},"query-input":"required name=search_term_string"}],"inLanguage":"en-GB"},{"@type":["Organization","Place"],"@id":"https:\/\/breakout-albstadt.com\/#organization","name":"Breakout Albstadt","url":"https:\/\/breakout-albstadt.com\/","logo":{"@id":"https:\/\/breakout-albstadt.com\/impressum\/#local-main-organization-logo"},"image":{"@id":"https:\/\/breakout-albstadt.com\/impressum\/#local-main-organization-logo"},"sameAs":["https:\/\/www.facebook.com\/profile.php?id=61556599694139","https:\/\/www.instagram.com\/breakout_albstadt\/"],"telephone":[],"openingHoursSpecification":[{"@type":"OpeningHoursSpecification","dayOfWeek":["Monday","Tuesday","Wednesday","Thursday","Friday","Saturday","Sunday"],"opens":"09:00","closes":"17:00"}]},{"@type":"ImageObject","inLanguage":"en-GB","@id":"https:\/\/breakout-albstadt.com\/impressum\/#local-main-organization-logo","url":"https:\/\/breakout-albstadt.com\/wp-content\/uploads\/2024\/05\/cropped-logooo.png","contentUrl":"https:\/\/breakout-albstadt.com\/wp-content\/uploads\/2024\/05\/cropped-logooo.png","width":512,"height":512,"caption":"Breakout Albstadt"}]}},"_links":{"self":[{"href":"https:\/\/breakout-albstadt.com\/en\/wp-json\/wp\/v2\/pages\/2197","targetHints":{"allow":["GET"]}}],"collection":[{"href":"https:\/\/breakout-albstadt.com\/en\/wp-json\/wp\/v2\/pages"}],"about":[{"href":"https:\/\/breakout-albstadt.com\/en\/wp-json\/wp\/v2\/types\/page"}],"author":[{"embeddable":true,"href":"https:\/\/breakout-albstadt.com\/en\/wp-json\/wp\/v2\/users\/1"}],"replies":[{"embeddable":true,"href":"https:\/\/breakout-albstadt.com\/en\/wp-json\/wp\/v2\/comments?post=2197"}],"version-history":[{"count":9,"href":"https:\/\/breakout-albstadt.com\/en\/wp-json\/wp\/v2\/pages\/2197\/revisions"}],"predecessor-version":[{"id":2218,"href":"https:\/\/breakout-albstadt.com\/en\/wp-json\/wp\/v2\/pages\/2197\/revisions\/2218"}],"wp:attachment":[{"href":"https:\/\/breakout-albstadt.com\/en\/wp-json\/wp\/v2\/media?parent=2197"}],"curies":[{"name":"wp","href":"https:\/\/api.w.org\/{rel}","templated":true}]}}